{"id":2817,"date":"2023-12-18T15:57:22","date_gmt":"2023-12-18T14:57:22","guid":{"rendered":"https:\/\/josepbarbera.es\/aviso-legal\/"},"modified":"2024-02-09T10:13:22","modified_gmt":"2024-02-09T09:13:22","slug":"aviso-legal","status":"publish","type":"page","link":"https:\/\/josepbarbera.es\/en\/aviso-legal\/","title":{"rendered":"Aviso Legal"},"content":{"rendered":"\t\t<div data-elementor-type=\"wp-page\" data-elementor-id=\"2817\" class=\"elementor elementor-2817 elementor-68\" data-elementor-post-type=\"page\">\n\t\t\t\t\t\t<section class=\"elementor-section elementor-top-section elementor-element elementor-element-7fe86ffb elementor-section-boxed elementor-section-height-default elementor-section-height-default\" data-id=\"7fe86ffb\" data-element_type=\"section\" data-e-type=\"section\">\n\t\t\t\t\t\t<div class=\"elementor-container elementor-column-gap-default\">\n\t\t\t\t\t<div class=\"elementor-column elementor-col-100 elementor-top-column elementor-element elementor-element-c444c59\" data-id=\"c444c59\" data-element_type=\"column\" data-e-type=\"column\">\n\t\t\t<div class=\"elementor-widget-wrap elementor-element-populated\">\n\t\t\t\t\t\t<div class=\"elementor-element elementor-element-661550a2 elementor-widget elementor-widget-heading\" data-id=\"661550a2\" data-element_type=\"widget\" data-e-type=\"widget\" data-widget_type=\"heading.default\">\n\t\t\t\t<div class=\"elementor-widget-container\">\n\t\t\t\t\t<h1 class=\"elementor-heading-title elementor-size-default\">Aviso legal<\/h1>\t\t\t\t<\/div>\n\t\t\t\t<\/div>\n\t\t\t\t<div class=\"elementor-element elementor-element-2cba44d3 elementor-widget elementor-widget-shortcode\" data-id=\"2cba44d3\" data-element_type=\"widget\" data-e-type=\"widget\" data-widget_type=\"shortcode.default\">\n\t\t\t\t<div class=\"elementor-widget-container\">\n\t\t\t\t\t\t\t<div class=\"elementor-shortcode\">\n<!-- Legal document generated by Complianz | GDPR\/CCPA Cookie Consent https:\/\/wordpress.org\/plugins\/complianz-gdpr -->\n<div id=\"cmplz-document\" class=\"cmplz-document impressum cmplz-document-all\"><p><i>This imprint was last updated on 08\/02\/2024.<\/i><\/p><p class=\"cmplz-subtitle\">The owner of this website is:<\/p><p>Josep Barber\u00e1 SL<br>Pol\u00edgono Industrial Norte. C\/Censal 11, Alginet, Valencia, 46230.<br>Spain<br>Email:&nbsp;<span class=\"cmplz-obfuscate\">t&#097;l&#108;&#101;r&#101;s@<span class=\"cmplz-fmail-domain\">ex&#046;&#099;o&#109;<\/span>j&#111;&#115;&#101;&#112;&#098;a&#114;&#098;er&#097;.c&#111;m<\/span><br>Phone number: 96 175 03 95<br>VAT ID:&nbsp;B96808795<\/p><p class=\"cmplz-subtitle\">The legal representative(s) of Josep Barber\u00e1 SL:<\/p><p>Josep Barber\u00e1<\/p><h2>1. General<\/h2><p>We are not willing or obliged to participate in dispute resolution procedures before a consumer arbitration board.<\/p><h2>2. Additional information<\/h2><p>El presente website es propiedad de Josep Barber\u00e1 SL con domicilio fiscal en la direcci\u00f3n arriba indicada. El acceso a este sitio web supone la aceptaci\u00f3n expresa del usuario a las presentes Condiciones de Uso, que podr\u00e1n ser modificadas o sustituidas por su titular en cualquier momento y sin previo aviso.<br \/>\n<br \/>\n<h2>3. Propiedad Intelectual e Industrial.<\/h2><br \/>\nLos contenidos, documentaci\u00f3n, programaci\u00f3n \/ c\u00f3digo del presente website, im\u00e1genes, gr\u00e1ficos, marcas, logos y dise\u00f1o que forman esta web son propiedad de Josep Barber\u00e1 SL y se encuentran debidamente protegidos de conformidad con la normativa espa\u00f1ola e internacional sobre Propiedad Intelectual e Industrial. Las personas o empresas que remitan cualquier tipo de informaci\u00f3n o contenido a Josep Barber\u00e1 SL  se comprometen a que la misma sea veraz y no vulnere o infrinja cualquier derecho de tercero ni sea contraria a la ley y el orden p\u00fablico.<br \/>\nSi Vd. cree que cualquier contenido y\/o informaci\u00f3n de esta web vulnera un derecho legitimo o la normativa vigente no dude en contactar con nosotros:<br \/>\n<br \/>\nDirecci\u00f3n arriba indicada.<br \/>\nTel: 96 175 03 95<br \/>\ntalleres@josepbarbera.com<br \/>\n<br \/>\n<h2>4. Jurisdicci\u00f3n<\/h2><br \/>\nCualquier controversia o conflicto que eventualmente pudiera derivarse de la interpretaci\u00f3n y cumplimiento de las presentes Condiciones, ser\u00e1 sometido a la Jurisdicci\u00f3n de los Juzgados y Tribunales de VALENCIA (Espa\u00f1a).<\/p><\/div><\/div>\n\t\t\t\t\t\t<\/div>\n\t\t\t\t<\/div>\n\t\t\t\t\t<\/div>\n\t\t<\/div>\n\t\t\t\t\t<\/div>\n\t\t<\/section>\n\t\t\t\t<\/div>\n\t\t","protected":false},"excerpt":{"rendered":"<p>Aviso legal<\/p>\n","protected":false},"author":1,"featured_media":0,"parent":0,"menu_order":0,"comment_status":"closed","ping_status":"closed","template":"","meta":{"footnotes":""},"class_list":["post-2817","page","type-page","status-publish","hentry"],"yoast_head":"<!-- This site is optimized with the Yoast SEO plugin v27.3 - https:\/\/yoast.com\/product\/yoast-seo-wordpress\/ -->\n<title>Aviso Legal &#8226; Josep Barber\u00e1. Taller autom\u00f3vil. Alginet.<\/title>\n<meta name=\"description\" content=\"Aviso legal\" \/>\n<meta name=\"robots\" content=\"index, follow, max-snippet:-1, max-image-preview:large, max-video-preview:-1\" \/>\n<link rel=\"canonical\" href=\"https:\/\/josepbarbera.es\/en\/aviso-legal\/\" \/>\n<meta property=\"og:locale\" content=\"en_US\" \/>\n<meta property=\"og:type\" content=\"article\" \/>\n<meta property=\"og:title\" content=\"Aviso Legal &#8226; Josep Barber\u00e1. Taller autom\u00f3vil. Alginet.\" \/>\n<meta property=\"og:description\" content=\"Aviso legal\" \/>\n<meta property=\"og:url\" content=\"https:\/\/josepbarbera.es\/en\/aviso-legal\/\" \/>\n<meta property=\"og:site_name\" content=\"Josep Barber\u00e1. Taller autom\u00f3vil. Alginet.\" \/>\n<meta property=\"article:publisher\" content=\"https:\/\/www.facebook.com\/josepbarberataller\/\" \/>\n<meta property=\"article:modified_time\" content=\"2024-02-09T09:13:22+00:00\" \/>\n<meta name=\"twitter:card\" content=\"summary_large_image\" \/>\n<script type=\"application\/ld+json\" class=\"yoast-schema-graph\">{\"@context\":\"https:\\\/\\\/schema.org\",\"@graph\":[{\"@type\":\"WebPage\",\"@id\":\"https:\\\/\\\/josepbarbera.es\\\/en\\\/aviso-legal\\\/\",\"url\":\"https:\\\/\\\/josepbarbera.es\\\/en\\\/aviso-legal\\\/\",\"name\":\"Aviso Legal &#8226; Josep Barber\u00e1. Taller autom\u00f3vil. Alginet.\",\"isPartOf\":{\"@id\":\"https:\\\/\\\/josepbarbera.es\\\/en\\\/#website\"},\"datePublished\":\"2023-12-18T14:57:22+00:00\",\"dateModified\":\"2024-02-09T09:13:22+00:00\",\"description\":\"Aviso legal\",\"breadcrumb\":{\"@id\":\"https:\\\/\\\/josepbarbera.es\\\/en\\\/aviso-legal\\\/#breadcrumb\"},\"inLanguage\":\"en-US\",\"potentialAction\":[{\"@type\":\"ReadAction\",\"target\":[\"https:\\\/\\\/josepbarbera.es\\\/en\\\/aviso-legal\\\/\"]}]},{\"@type\":\"BreadcrumbList\",\"@id\":\"https:\\\/\\\/josepbarbera.es\\\/en\\\/aviso-legal\\\/#breadcrumb\",\"itemListElement\":[{\"@type\":\"ListItem\",\"position\":1,\"name\":\"Portada\",\"item\":\"https:\\\/\\\/josepbarbera.es\\\/en\\\/taller-automoviles-josep-barbera\\\/\"},{\"@type\":\"ListItem\",\"position\":2,\"name\":\"Aviso Legal\"}]},{\"@type\":\"WebSite\",\"@id\":\"https:\\\/\\\/josepbarbera.es\\\/en\\\/#website\",\"url\":\"https:\\\/\\\/josepbarbera.es\\\/en\\\/\",\"name\":\"Josep Barber\u00e0\",\"description\":\"Taller Autom\u00f3vil Alginet\",\"publisher\":{\"@id\":\"https:\\\/\\\/josepbarbera.es\\\/en\\\/#organization\"},\"alternateName\":\"Josep Barber\u00e1\",\"potentialAction\":[{\"@type\":\"SearchAction\",\"target\":{\"@type\":\"EntryPoint\",\"urlTemplate\":\"https:\\\/\\\/josepbarbera.es\\\/en\\\/?s={search_term_string}\"},\"query-input\":{\"@type\":\"PropertyValueSpecification\",\"valueRequired\":true,\"valueName\":\"search_term_string\"}}],\"inLanguage\":\"en-US\"},{\"@type\":\"Organization\",\"@id\":\"https:\\\/\\\/josepbarbera.es\\\/en\\\/#organization\",\"name\":\"Josep Barber\u00e0\",\"url\":\"https:\\\/\\\/josepbarbera.es\\\/en\\\/\",\"logo\":{\"@type\":\"ImageObject\",\"inLanguage\":\"en-US\",\"@id\":\"https:\\\/\\\/josepbarbera.es\\\/en\\\/#\\\/schema\\\/logo\\\/image\\\/\",\"url\":\"https:\\\/\\\/josepbarbera.es\\\/wp-content\\\/uploads\\\/2023\\\/12\\\/1Recurso-1.png\",\"contentUrl\":\"https:\\\/\\\/josepbarbera.es\\\/wp-content\\\/uploads\\\/2023\\\/12\\\/1Recurso-1.png\",\"width\":529,\"height\":257,\"caption\":\"Josep Barber\u00e0\"},\"image\":{\"@id\":\"https:\\\/\\\/josepbarbera.es\\\/en\\\/#\\\/schema\\\/logo\\\/image\\\/\"},\"sameAs\":[\"https:\\\/\\\/www.facebook.com\\\/josepbarberataller\\\/\"]}]}<\/script>\n<!-- \/ Yoast SEO plugin. -->","yoast_head_json":{"title":"Aviso Legal &#8226; Josep Barber\u00e1. Taller autom\u00f3vil. Alginet.","description":"Aviso legal","robots":{"index":"index","follow":"follow","max-snippet":"max-snippet:-1","max-image-preview":"max-image-preview:large","max-video-preview":"max-video-preview:-1"},"canonical":"https:\/\/josepbarbera.es\/en\/aviso-legal\/","og_locale":"en_US","og_type":"article","og_title":"Aviso Legal &#8226; Josep Barber\u00e1. Taller autom\u00f3vil. Alginet.","og_description":"Aviso legal","og_url":"https:\/\/josepbarbera.es\/en\/aviso-legal\/","og_site_name":"Josep Barber\u00e1. Taller autom\u00f3vil. Alginet.","article_publisher":"https:\/\/www.facebook.com\/josepbarberataller\/","article_modified_time":"2024-02-09T09:13:22+00:00","twitter_card":"summary_large_image","schema":{"@context":"https:\/\/schema.org","@graph":[{"@type":"WebPage","@id":"https:\/\/josepbarbera.es\/en\/aviso-legal\/","url":"https:\/\/josepbarbera.es\/en\/aviso-legal\/","name":"Aviso Legal &#8226; Josep Barber\u00e1. Taller autom\u00f3vil. Alginet.","isPartOf":{"@id":"https:\/\/josepbarbera.es\/en\/#website"},"datePublished":"2023-12-18T14:57:22+00:00","dateModified":"2024-02-09T09:13:22+00:00","description":"Aviso legal","breadcrumb":{"@id":"https:\/\/josepbarbera.es\/en\/aviso-legal\/#breadcrumb"},"inLanguage":"en-US","potentialAction":[{"@type":"ReadAction","target":["https:\/\/josepbarbera.es\/en\/aviso-legal\/"]}]},{"@type":"BreadcrumbList","@id":"https:\/\/josepbarbera.es\/en\/aviso-legal\/#breadcrumb","itemListElement":[{"@type":"ListItem","position":1,"name":"Portada","item":"https:\/\/josepbarbera.es\/en\/taller-automoviles-josep-barbera\/"},{"@type":"ListItem","position":2,"name":"Aviso Legal"}]},{"@type":"WebSite","@id":"https:\/\/josepbarbera.es\/en\/#website","url":"https:\/\/josepbarbera.es\/en\/","name":"Josep Barber\u00e0","description":"Taller Autom\u00f3vil Alginet","publisher":{"@id":"https:\/\/josepbarbera.es\/en\/#organization"},"alternateName":"Josep Barber\u00e1","potentialAction":[{"@type":"SearchAction","target":{"@type":"EntryPoint","urlTemplate":"https:\/\/josepbarbera.es\/en\/?s={search_term_string}"},"query-input":{"@type":"PropertyValueSpecification","valueRequired":true,"valueName":"search_term_string"}}],"inLanguage":"en-US"},{"@type":"Organization","@id":"https:\/\/josepbarbera.es\/en\/#organization","name":"Josep Barber\u00e0","url":"https:\/\/josepbarbera.es\/en\/","logo":{"@type":"ImageObject","inLanguage":"en-US","@id":"https:\/\/josepbarbera.es\/en\/#\/schema\/logo\/image\/","url":"https:\/\/josepbarbera.es\/wp-content\/uploads\/2023\/12\/1Recurso-1.png","contentUrl":"https:\/\/josepbarbera.es\/wp-content\/uploads\/2023\/12\/1Recurso-1.png","width":529,"height":257,"caption":"Josep Barber\u00e0"},"image":{"@id":"https:\/\/josepbarbera.es\/en\/#\/schema\/logo\/image\/"},"sameAs":["https:\/\/www.facebook.com\/josepbarberataller\/"]}]}},"_links":{"self":[{"href":"https:\/\/josepbarbera.es\/en\/wp-json\/wp\/v2\/pages\/2817","targetHints":{"allow":["GET"]}}],"collection":[{"href":"https:\/\/josepbarbera.es\/en\/wp-json\/wp\/v2\/pages"}],"about":[{"href":"https:\/\/josepbarbera.es\/en\/wp-json\/wp\/v2\/types\/page"}],"author":[{"embeddable":true,"href":"https:\/\/josepbarbera.es\/en\/wp-json\/wp\/v2\/users\/1"}],"replies":[{"embeddable":true,"href":"https:\/\/josepbarbera.es\/en\/wp-json\/wp\/v2\/comments?post=2817"}],"version-history":[{"count":2,"href":"https:\/\/josepbarbera.es\/en\/wp-json\/wp\/v2\/pages\/2817\/revisions"}],"predecessor-version":[{"id":2854,"href":"https:\/\/josepbarbera.es\/en\/wp-json\/wp\/v2\/pages\/2817\/revisions\/2854"}],"wp:attachment":[{"href":"https:\/\/josepbarbera.es\/en\/wp-json\/wp\/v2\/media?parent=2817"}],"curies":[{"name":"wp","href":"https:\/\/api.w.org\/{rel}","templated":true}]}}