{"id":2660,"date":"2024-02-05T13:54:59","date_gmt":"2024-02-05T12:54:59","guid":{"rendered":"https:\/\/josepbarbera.es\/llunes\/"},"modified":"2024-02-08T09:54:27","modified_gmt":"2024-02-08T08:54:27","slug":"llunes","status":"publish","type":"page","link":"https:\/\/josepbarbera.es\/ca\/llunes\/","title":{"rendered":"Llunes"},"content":{"rendered":"\t\t<div data-elementor-type=\"wp-page\" data-elementor-id=\"2660\" class=\"elementor elementor-2660 elementor-2080\" data-elementor-post-type=\"page\">\n\t\t\t\t<div class=\"elementor-element elementor-element-2ddead94 e-flex e-con-boxed e-con e-parent\" data-id=\"2ddead94\" data-element_type=\"container\" data-e-type=\"container\" data-settings=\"{&quot;background_background&quot;:&quot;classic&quot;}\">\n\t\t\t\t\t<div class=\"e-con-inner\">\n\t\t<div class=\"elementor-element elementor-element-369526e e-con-full e-flex e-con e-child\" data-id=\"369526e\" data-element_type=\"container\" data-e-type=\"container\">\n\t\t\t\t<div class=\"elementor-element elementor-element-38e7bffe elementor-invisible elementor-widget elementor-widget-heading\" data-id=\"38e7bffe\" data-element_type=\"widget\" data-e-type=\"widget\" data-settings=\"{&quot;_animation&quot;:&quot;fadeIn&quot;,&quot;_animation_delay&quot;:100}\" data-widget_type=\"heading.default\">\n\t\t\t\t<div class=\"elementor-widget-container\">\n\t\t\t\t\t<h1 class=\"elementor-heading-title elementor-size-default\">Llunes express<\/h1>\t\t\t\t<\/div>\n\t\t\t\t<\/div>\n\t\t\t\t<\/div>\n\t\t<div class=\"elementor-element elementor-element-11a0869a e-con-full e-flex e-con e-child\" data-id=\"11a0869a\" data-element_type=\"container\" data-e-type=\"container\">\n\t\t\t\t<div class=\"elementor-element elementor-element-235c33dc elementor-invisible elementor-widget elementor-widget-text-editor\" data-id=\"235c33dc\" data-element_type=\"widget\" data-e-type=\"widget\" data-settings=\"{&quot;_animation&quot;:&quot;fadeIn&quot;,&quot;_animation_delay&quot;:300}\" data-widget_type=\"text-editor.default\">\n\t\t\t\t<div class=\"elementor-widget-container\">\n\t\t\t\t\t\t\t\t\t<p>Reparaci\u00f3 express del vidre del teu vehicle.<\/p>\n\t\t\t\t\t\t\t\t<\/div>\n\t\t\t\t<\/div>\n\t\t\t\t<div class=\"elementor-element elementor-element-4026c2bd elementor-align-left elementor-invisible elementor-widget elementor-widget-global elementor-global-2691 elementor-global-678 elementor-widget-button\" data-id=\"4026c2bd\" data-element_type=\"widget\" data-e-type=\"widget\" data-settings=\"{&quot;_animation&quot;:&quot;fadeIn&quot;,&quot;_animation_delay&quot;:600}\" data-widget_type=\"button.default\">\n\t\t\t\t<div class=\"elementor-widget-container\">\n\t\t\t\t\t\t\t\t\t<div class=\"elementor-button-wrapper\">\n\t\t\t\t\t<a class=\"elementor-button elementor-button-link elementor-size-lg\" href=\"https:\/\/josepbarbera.es\/ca\/cita-taller\/\">\n\t\t\t\t\t\t<span class=\"elementor-button-content-wrapper\">\n\t\t\t\t\t\t<span class=\"elementor-button-icon\">\n\t\t\t\t<svg aria-hidden=\"true\" class=\"e-font-icon-svg e-fas-arrow-right\" viewBox=\"0 0 448 512\" xmlns=\"http:\/\/www.w3.org\/2000\/svg\"><path d=\"M190.5 66.9l22.2-22.2c9.4-9.4 24.6-9.4 33.9 0L441 239c9.4 9.4 9.4 24.6 0 33.9L246.6 467.3c-9.4 9.4-24.6 9.4-33.9 0l-22.2-22.2c-9.5-9.5-9.3-25 .4-34.3L311.4 296H24c-13.3 0-24-10.7-24-24v-32c0-13.3 10.7-24 24-24h287.4L190.9 101.2c-9.8-9.3-10-24.8-.4-34.3z\"><\/path><\/svg>\t\t\t<\/span>\n\t\t\t\t\t\t\t\t\t<span class=\"elementor-button-text\">DEMANAR CITA<\/span>\n\t\t\t\t\t<\/span>\n\t\t\t\t\t<\/a>\n\t\t\t\t<\/div>\n\t\t\t\t\t\t\t\t<\/div>\n\t\t\t\t<\/div>\n\t\t\t\t<\/div>\n\t\t\t\t<div class=\"elementor-element elementor-element-968a9a2 elementor-grid-1 elementor-widget__width-auto elementor-absolute elementor-grid-mobile-1 elementor-shape-rounded e-grid-align-center elementor-widget elementor-widget-global elementor-global-2738 elementor-widget-social-icons\" data-id=\"968a9a2\" data-element_type=\"widget\" data-e-type=\"widget\" data-settings=\"{&quot;_position&quot;:&quot;absolute&quot;}\" data-widget_type=\"social-icons.default\">\n\t\t\t\t<div class=\"elementor-widget-container\">\n\t\t\t\t\t\t\t<div class=\"elementor-social-icons-wrapper elementor-grid\" role=\"list\">\n\t\t\t\t\t\t\t<span class=\"elementor-grid-item\" role=\"listitem\">\n\t\t\t\t\t<a class=\"elementor-icon elementor-social-icon elementor-social-icon-facebook elementor-animation-grow elementor-repeater-item-lXlqq9L\" href=\"https:\/\/www.facebook.com\/josepbarberataller\/\" target=\"_blank\">\n\t\t\t\t\t\t<span class=\"elementor-screen-only\">Facebook<\/span>\n\t\t\t\t\t\t<svg aria-hidden=\"true\" class=\"e-font-icon-svg e-fab-facebook\" viewBox=\"0 0 512 512\" xmlns=\"http:\/\/www.w3.org\/2000\/svg\"><path d=\"M504 256C504 119 393 8 256 8S8 119 8 256c0 123.78 90.69 226.38 209.25 245V327.69h-63V256h63v-54.64c0-62.15 37-96.48 93.67-96.48 27.14 0 55.52 4.84 55.52 4.84v61h-31.28c-30.8 0-40.41 19.12-40.41 38.73V256h68.78l-11 71.69h-57.78V501C413.31 482.38 504 379.78 504 256z\"><\/path><\/svg>\t\t\t\t\t<\/a>\n\t\t\t\t<\/span>\n\t\t\t\t\t\t\t<span class=\"elementor-grid-item\" role=\"listitem\">\n\t\t\t\t\t<a class=\"elementor-icon elementor-social-icon elementor-social-icon-instagram elementor-animation-grow elementor-repeater-item-4CtB6p3\" href=\"https:\/\/www.instagram.com\/josepbarberataller\/\" target=\"_blank\">\n\t\t\t\t\t\t<span class=\"elementor-screen-only\">Instagram<\/span>\n\t\t\t\t\t\t<svg aria-hidden=\"true\" class=\"e-font-icon-svg e-fab-instagram\" viewBox=\"0 0 448 512\" xmlns=\"http:\/\/www.w3.org\/2000\/svg\"><path d=\"M224.1 141c-63.6 0-114.9 51.3-114.9 114.9s51.3 114.9 114.9 114.9S339 319.5 339 255.9 287.7 141 224.1 141zm0 189.6c-41.1 0-74.7-33.5-74.7-74.7s33.5-74.7 74.7-74.7 74.7 33.5 74.7 74.7-33.6 74.7-74.7 74.7zm146.4-194.3c0 14.9-12 26.8-26.8 26.8-14.9 0-26.8-12-26.8-26.8s12-26.8 26.8-26.8 26.8 12 26.8 26.8zm76.1 27.2c-1.7-35.9-9.9-67.7-36.2-93.9-26.2-26.2-58-34.4-93.9-36.2-37-2.1-147.9-2.1-184.9 0-35.8 1.7-67.6 9.9-93.9 36.1s-34.4 58-36.2 93.9c-2.1 37-2.1 147.9 0 184.9 1.7 35.9 9.9 67.7 36.2 93.9s58 34.4 93.9 36.2c37 2.1 147.9 2.1 184.9 0 35.9-1.7 67.7-9.9 93.9-36.2 26.2-26.2 34.4-58 36.2-93.9 2.1-37 2.1-147.8 0-184.8zM398.8 388c-7.8 19.6-22.9 34.7-42.6 42.6-29.5 11.7-99.5 9-132.1 9s-102.7 2.6-132.1-9c-19.6-7.8-34.7-22.9-42.6-42.6-11.7-29.5-9-99.5-9-132.1s-2.6-102.7 9-132.1c7.8-19.6 22.9-34.7 42.6-42.6 29.5-11.7 99.5-9 132.1-9s102.7-2.6 132.1 9c19.6 7.8 34.7 22.9 42.6 42.6 11.7 29.5 9 99.5 9 132.1s2.7 102.7-9 132.1z\"><\/path><\/svg>\t\t\t\t\t<\/a>\n\t\t\t\t<\/span>\n\t\t\t\t\t<\/div>\n\t\t\t\t\t\t<\/div>\n\t\t\t\t<\/div>\n\t\t\t\t\t<\/div>\n\t\t\t\t<\/div>\n\t\t<div class=\"elementor-element elementor-element-6592a435 e-flex e-con-boxed e-con e-parent\" data-id=\"6592a435\" data-element_type=\"container\" data-e-type=\"container\" data-settings=\"{&quot;background_background&quot;:&quot;classic&quot;}\">\n\t\t\t\t\t<div class=\"e-con-inner\">\n\t\t<div class=\"elementor-element elementor-element-50b11bb8 e-con-full e-flex elementor-invisible e-con e-child\" data-id=\"50b11bb8\" data-element_type=\"container\" data-e-type=\"container\" data-settings=\"{&quot;animation&quot;:&quot;fadeIn&quot;}\">\n\t\t\t\t<div class=\"elementor-element elementor-element-4f644aef elementor-widget elementor-widget-text-editor\" data-id=\"4f644aef\" data-element_type=\"widget\" data-e-type=\"widget\" data-widget_type=\"text-editor.default\">\n\t\t\t\t<div class=\"elementor-widget-container\">\n\t\t\t\t\t\t\t\t\t<p>Oferim un servei express de reparaci\u00f3 de llunes, proporcionant solucions r\u00e0pides i duradores per a impactes i esquerdes, utilitzant tecnologia d&#8217;avantguarda i resines d&#8217;alta qualitat. Per a casos on la reparaci\u00f3 no \u00e9s viable, realitzem substitucions de llunes que compleixen amb les especificacions de seguretat i qualitat, adaptant-nos a la tecnologia espec\u00edfica de cada vehicle. <\/p>\n\t\t\t\t\t\t\t\t<\/div>\n\t\t\t\t<\/div>\n\t\t\t\t<\/div>\n\t\t<div class=\"elementor-element elementor-element-7546b798 e-con-full e-flex e-con e-child\" data-id=\"7546b798\" data-element_type=\"container\" data-e-type=\"container\">\n\t\t\t\t<div class=\"elementor-element elementor-element-9ab1bbe elementor-widget elementor-widget-image\" data-id=\"9ab1bbe\" data-element_type=\"widget\" data-e-type=\"widget\" data-widget_type=\"image.default\">\n\t\t\t\t<div class=\"elementor-widget-container\">\n\t\t\t\t\t\t\t\t\t\t\t\t\t\t\t<img decoding=\"async\" src=\"https:\/\/josepbarbera.es\/wp-content\/uploads\/2024\/02\/JB_LUNAS.jpg\" title=\"\" alt=\"\" loading=\"lazy\" \/>\t\t\t\t\t\t\t\t\t\t\t\t\t\t\t<\/div>\n\t\t\t\t<\/div>\n\t\t\t\t<\/div>\n\t\t\t\t\t<\/div>\n\t\t\t\t<\/div>\n\t\t<div class=\"elementor-element elementor-element-27abff8 e-flex e-con-boxed e-con e-parent\" data-id=\"27abff8\" data-element_type=\"container\" data-e-type=\"container\" data-settings=\"{&quot;background_background&quot;:&quot;gradient&quot;}\">\n\t\t\t\t\t<div class=\"e-con-inner\">\n\t\t<div class=\"elementor-element elementor-element-5fd74ed e-con-full e-flex e-con e-child\" data-id=\"5fd74ed\" data-element_type=\"container\" data-e-type=\"container\">\n\t\t\t\t<div class=\"elementor-element elementor-element-d7c28bc elementor-widget elementor-widget-text-editor\" data-id=\"d7c28bc\" data-element_type=\"widget\" data-e-type=\"widget\" data-widget_type=\"text-editor.default\">\n\t\t\t\t<div class=\"elementor-widget-container\">\n\t\t\t\t\t\t\t\t\t<h3><strong>Qualitat i rapidesa en servei de llunes per a vehicles<\/strong><\/h3>\n<p>Sabem que el temps \u00e9s essencial. Per aix\u00f2, oferim un &nbsp;<strong><em>servei express<\/em><\/strong> &nbsp;de reparaci\u00f3 de llunes perqu\u00e8 pugues tornar a la carretera amb seguretat i sense demores innecess\u00e0ries.<\/p>\n<ul>\n<li><strong>Reparaci\u00f3 Express d&#8217;impactes:<\/strong> Solucions r\u00e0pides per a xips i esquerdes causats per pedres o deixalles en la carretera.<\/li>\n<li><strong>Tecnologia d&#8217;avantguarda:<\/strong> Utilitzem resines d&#8217;alta qualitat i les \u00faltimes tecnologies per a una reparaci\u00f3 duradora i quasi invisible.<\/li>\n<li><strong>Professionals experts:<\/strong> Els nostres t\u00e8cnics especialitzats garanteixen una reparaci\u00f3 precisa i conforme a les normatives de seguretat.<\/li>\n<\/ul>\n<h3><strong>Substituci\u00f3 de llunes per a tot tipus de vehicles<\/strong><\/h3>\n<p>Quan la reparaci\u00f3 no \u00e9s una opci\u00f3 viable, procedim amb la substituci\u00f3 de la lluna. En Josep Barber\u00e0 Tallers, ens assegurem que el teu nou vidre estiga perfectament instal\u00b7lat, complint amb els est\u00e0ndards de seguretat i qualitat. <\/p>\n<ul>\n<li><strong>Substituci\u00f3 de llunes d&#8217;alta qualitat:<\/strong> Llunes de reempla\u00e7ament que compleixen o superen les especificacions del fabricant.<\/li>\n<li><strong>Segellat segur i durador:<\/strong> Apliquem t\u00e8cniques de segellat que garanteixen la integritat estructural i la impermeabilitat.<\/li>\n<li><strong>Adaptaci\u00f3 a la tecnologia del vehicle:<\/strong> Respectem i adaptem la substituci\u00f3 a les caracter\u00edstiques tecnol\u00f2giques del teu vehicle, com ara sensors i c\u00e0meres integrades.<\/li>\n<\/ul>\t\t\t\t\t\t\t\t<\/div>\n\t\t\t\t<\/div>\n\t\t\t\t<\/div>\n\t\t<div class=\"elementor-element elementor-element-976ab7d e-con-full e-flex e-con e-child\" data-id=\"976ab7d\" data-element_type=\"container\" data-e-type=\"container\">\n\t\t\t\t<div class=\"elementor-element elementor-element-ce34865 elementor-widget elementor-widget-image\" data-id=\"ce34865\" data-element_type=\"widget\" data-e-type=\"widget\" data-widget_type=\"image.default\">\n\t\t\t\t<div class=\"elementor-widget-container\">\n\t\t\t\t\t\t\t\t\t\t\t\t\t\t\t<img decoding=\"async\" src=\"https:\/\/josepbarbera.es\/wp-content\/uploads\/elementor\/thumbs\/Recurso-4-qht3pbb2836p3fblmjqeheck90y4rw4tka11ehmigw.png\" title=\"Recurso 4\" alt=\"Express\" loading=\"lazy\" \/>\t\t\t\t\t\t\t\t\t\t\t\t\t\t\t<\/div>\n\t\t\t\t<\/div>\n\t\t\t\t<div class=\"elementor-element elementor-element-dac75ea elementor-invisible elementor-widget elementor-widget-heading\" data-id=\"dac75ea\" data-element_type=\"widget\" data-e-type=\"widget\" data-settings=\"{&quot;_animation&quot;:&quot;fadeIn&quot;}\" data-widget_type=\"heading.default\">\n\t\t\t\t<div class=\"elementor-widget-container\">\n\t\t\t\t\t<h2 class=\"elementor-heading-title elementor-size-default\">Reparaci\u00f3 Express<\/h2>\t\t\t\t<\/div>\n\t\t\t\t<\/div>\n\t\t\t\t<\/div>\n\t\t\t\t\t<\/div>\n\t\t\t\t<\/div>\n\t\t\t\t<\/div>\n\t\t","protected":false},"excerpt":{"rendered":"<p>Llunes express Reparaci\u00f3 express del vidre del teu vehicle. PEDIR CITA Facebook Instagram Oferim un servei express de reparaci\u00f3 de llunes, proporcionant solucions r\u00e0pides i duradores per a impactes i esquerdes, utilitzant tecnologia d&#8217;avantguarda i resines d&#8217;alta qualitat. Per a casos on la reparaci\u00f3 no \u00e9s viable, realitzem substitucions de llunes que compleixen amb les [&hellip;]<\/p>\n","protected":false},"author":1,"featured_media":2308,"parent":0,"menu_order":0,"comment_status":"closed","ping_status":"closed","template":"","meta":{"footnotes":""},"class_list":["post-2660","page","type-page","status-publish","has-post-thumbnail","hentry"],"yoast_head":"<!-- This site is optimized with the Yoast SEO plugin v27.4 - https:\/\/yoast.com\/product\/yoast-seo-wordpress\/ -->\n<title>Llunes &#8226; Josep Barber\u00e1. Taller autom\u00f3vil. Alginet.<\/title>\n<meta name=\"description\" content=\"Llunes express Reparaci\u00f3 express del vidre del teu vehicle. PEDIR CITA Facebook Instagram Oferim un servei express de reparaci\u00f3 de llunes, proporcionant\" \/>\n<meta name=\"robots\" content=\"index, follow, max-snippet:-1, max-image-preview:large, max-video-preview:-1\" \/>\n<link rel=\"canonical\" href=\"https:\/\/josepbarbera.es\/ca\/llunes\/\" \/>\n<meta property=\"og:locale\" content=\"ca_ES\" \/>\n<meta property=\"og:type\" content=\"article\" \/>\n<meta property=\"og:title\" content=\"Llunes &#8226; Josep Barber\u00e1. Taller autom\u00f3vil. Alginet.\" \/>\n<meta property=\"og:description\" content=\"Llunes express Reparaci\u00f3 express del vidre del teu vehicle. PEDIR CITA Facebook Instagram Oferim un servei express de reparaci\u00f3 de llunes, proporcionant\" \/>\n<meta property=\"og:url\" content=\"https:\/\/josepbarbera.es\/ca\/llunes\/\" \/>\n<meta property=\"og:site_name\" content=\"Josep Barber\u00e1. Taller autom\u00f3vil. Alginet.\" \/>\n<meta property=\"article:publisher\" content=\"https:\/\/www.facebook.com\/josepbarberataller\/\" \/>\n<meta property=\"article:modified_time\" content=\"2024-02-08T08:54:27+00:00\" \/>\n<meta property=\"og:image\" content=\"https:\/\/josepbarbera.es\/wp-content\/uploads\/2023\/12\/JB_PREITV.jpg\" \/>\n\t<meta property=\"og:image:width\" content=\"850\" \/>\n\t<meta property=\"og:image:height\" content=\"650\" \/>\n\t<meta property=\"og:image:type\" content=\"image\/jpeg\" \/>\n<meta name=\"twitter:card\" content=\"summary_large_image\" \/>\n<meta name=\"twitter:label1\" content=\"Temps estimat de lectura\" \/>\n\t<meta name=\"twitter:data1\" content=\"1 minut\" \/>\n<script type=\"application\/ld+json\" class=\"yoast-schema-graph\">{\"@context\":\"https:\\\/\\\/schema.org\",\"@graph\":[{\"@type\":\"WebPage\",\"@id\":\"https:\\\/\\\/josepbarbera.es\\\/ca\\\/llunes\\\/\",\"url\":\"https:\\\/\\\/josepbarbera.es\\\/ca\\\/llunes\\\/\",\"name\":\"Llunes &#8226; Josep Barber\u00e1. Taller autom\u00f3vil. Alginet.\",\"isPartOf\":{\"@id\":\"https:\\\/\\\/josepbarbera.es\\\/ca\\\/#website\"},\"primaryImageOfPage\":{\"@id\":\"https:\\\/\\\/josepbarbera.es\\\/ca\\\/llunes\\\/#primaryimage\"},\"image\":{\"@id\":\"https:\\\/\\\/josepbarbera.es\\\/ca\\\/llunes\\\/#primaryimage\"},\"thumbnailUrl\":\"https:\\\/\\\/josepbarbera.es\\\/wp-content\\\/uploads\\\/2023\\\/12\\\/JB_PREITV.jpg\",\"datePublished\":\"2024-02-05T12:54:59+00:00\",\"dateModified\":\"2024-02-08T08:54:27+00:00\",\"description\":\"Llunes express Reparaci\u00f3 express del vidre del teu vehicle. PEDIR CITA Facebook Instagram Oferim un servei express de reparaci\u00f3 de llunes, proporcionant\",\"breadcrumb\":{\"@id\":\"https:\\\/\\\/josepbarbera.es\\\/ca\\\/llunes\\\/#breadcrumb\"},\"inLanguage\":\"ca\",\"potentialAction\":[{\"@type\":\"ReadAction\",\"target\":[\"https:\\\/\\\/josepbarbera.es\\\/ca\\\/llunes\\\/\"]}]},{\"@type\":\"ImageObject\",\"inLanguage\":\"ca\",\"@id\":\"https:\\\/\\\/josepbarbera.es\\\/ca\\\/llunes\\\/#primaryimage\",\"url\":\"https:\\\/\\\/josepbarbera.es\\\/wp-content\\\/uploads\\\/2023\\\/12\\\/JB_PREITV.jpg\",\"contentUrl\":\"https:\\\/\\\/josepbarbera.es\\\/wp-content\\\/uploads\\\/2023\\\/12\\\/JB_PREITV.jpg\",\"width\":850,\"height\":650},{\"@type\":\"BreadcrumbList\",\"@id\":\"https:\\\/\\\/josepbarbera.es\\\/ca\\\/llunes\\\/#breadcrumb\",\"itemListElement\":[{\"@type\":\"ListItem\",\"position\":1,\"name\":\"Portada\",\"item\":\"https:\\\/\\\/josepbarbera.es\\\/ca\\\/taller-automobils-josep-barbera\\\/\"},{\"@type\":\"ListItem\",\"position\":2,\"name\":\"Llunes\"}]},{\"@type\":\"WebSite\",\"@id\":\"https:\\\/\\\/josepbarbera.es\\\/ca\\\/#website\",\"url\":\"https:\\\/\\\/josepbarbera.es\\\/ca\\\/\",\"name\":\"Josep Barber\u00e0\",\"description\":\"Taller Autom\u00f3vil Alginet\",\"publisher\":{\"@id\":\"https:\\\/\\\/josepbarbera.es\\\/ca\\\/#organization\"},\"alternateName\":\"Josep Barber\u00e1\",\"potentialAction\":[{\"@type\":\"SearchAction\",\"target\":{\"@type\":\"EntryPoint\",\"urlTemplate\":\"https:\\\/\\\/josepbarbera.es\\\/ca\\\/?s={search_term_string}\"},\"query-input\":{\"@type\":\"PropertyValueSpecification\",\"valueRequired\":true,\"valueName\":\"search_term_string\"}}],\"inLanguage\":\"ca\"},{\"@type\":\"Organization\",\"@id\":\"https:\\\/\\\/josepbarbera.es\\\/ca\\\/#organization\",\"name\":\"Josep Barber\u00e0\",\"url\":\"https:\\\/\\\/josepbarbera.es\\\/ca\\\/\",\"logo\":{\"@type\":\"ImageObject\",\"inLanguage\":\"ca\",\"@id\":\"https:\\\/\\\/josepbarbera.es\\\/ca\\\/#\\\/schema\\\/logo\\\/image\\\/\",\"url\":\"https:\\\/\\\/josepbarbera.es\\\/wp-content\\\/uploads\\\/2023\\\/12\\\/1Recurso-1.png\",\"contentUrl\":\"https:\\\/\\\/josepbarbera.es\\\/wp-content\\\/uploads\\\/2023\\\/12\\\/1Recurso-1.png\",\"width\":529,\"height\":257,\"caption\":\"Josep Barber\u00e0\"},\"image\":{\"@id\":\"https:\\\/\\\/josepbarbera.es\\\/ca\\\/#\\\/schema\\\/logo\\\/image\\\/\"},\"sameAs\":[\"https:\\\/\\\/www.facebook.com\\\/josepbarberataller\\\/\"]}]}<\/script>\n<!-- \/ Yoast SEO plugin. -->","yoast_head_json":{"title":"Llunes &#8226; Josep Barber\u00e1. Taller autom\u00f3vil. Alginet.","description":"Llunes express Reparaci\u00f3 express del vidre del teu vehicle. PEDIR CITA Facebook Instagram Oferim un servei express de reparaci\u00f3 de llunes, proporcionant","robots":{"index":"index","follow":"follow","max-snippet":"max-snippet:-1","max-image-preview":"max-image-preview:large","max-video-preview":"max-video-preview:-1"},"canonical":"https:\/\/josepbarbera.es\/ca\/llunes\/","og_locale":"ca_ES","og_type":"article","og_title":"Llunes &#8226; Josep Barber\u00e1. Taller autom\u00f3vil. Alginet.","og_description":"Llunes express Reparaci\u00f3 express del vidre del teu vehicle. PEDIR CITA Facebook Instagram Oferim un servei express de reparaci\u00f3 de llunes, proporcionant","og_url":"https:\/\/josepbarbera.es\/ca\/llunes\/","og_site_name":"Josep Barber\u00e1. Taller autom\u00f3vil. Alginet.","article_publisher":"https:\/\/www.facebook.com\/josepbarberataller\/","article_modified_time":"2024-02-08T08:54:27+00:00","og_image":[{"width":850,"height":650,"url":"https:\/\/josepbarbera.es\/wp-content\/uploads\/2023\/12\/JB_PREITV.jpg","type":"image\/jpeg"}],"twitter_card":"summary_large_image","twitter_misc":{"Temps estimat de lectura":"1 minut"},"schema":{"@context":"https:\/\/schema.org","@graph":[{"@type":"WebPage","@id":"https:\/\/josepbarbera.es\/ca\/llunes\/","url":"https:\/\/josepbarbera.es\/ca\/llunes\/","name":"Llunes &#8226; Josep Barber\u00e1. Taller autom\u00f3vil. Alginet.","isPartOf":{"@id":"https:\/\/josepbarbera.es\/ca\/#website"},"primaryImageOfPage":{"@id":"https:\/\/josepbarbera.es\/ca\/llunes\/#primaryimage"},"image":{"@id":"https:\/\/josepbarbera.es\/ca\/llunes\/#primaryimage"},"thumbnailUrl":"https:\/\/josepbarbera.es\/wp-content\/uploads\/2023\/12\/JB_PREITV.jpg","datePublished":"2024-02-05T12:54:59+00:00","dateModified":"2024-02-08T08:54:27+00:00","description":"Llunes express Reparaci\u00f3 express del vidre del teu vehicle. PEDIR CITA Facebook Instagram Oferim un servei express de reparaci\u00f3 de llunes, proporcionant","breadcrumb":{"@id":"https:\/\/josepbarbera.es\/ca\/llunes\/#breadcrumb"},"inLanguage":"ca","potentialAction":[{"@type":"ReadAction","target":["https:\/\/josepbarbera.es\/ca\/llunes\/"]}]},{"@type":"ImageObject","inLanguage":"ca","@id":"https:\/\/josepbarbera.es\/ca\/llunes\/#primaryimage","url":"https:\/\/josepbarbera.es\/wp-content\/uploads\/2023\/12\/JB_PREITV.jpg","contentUrl":"https:\/\/josepbarbera.es\/wp-content\/uploads\/2023\/12\/JB_PREITV.jpg","width":850,"height":650},{"@type":"BreadcrumbList","@id":"https:\/\/josepbarbera.es\/ca\/llunes\/#breadcrumb","itemListElement":[{"@type":"ListItem","position":1,"name":"Portada","item":"https:\/\/josepbarbera.es\/ca\/taller-automobils-josep-barbera\/"},{"@type":"ListItem","position":2,"name":"Llunes"}]},{"@type":"WebSite","@id":"https:\/\/josepbarbera.es\/ca\/#website","url":"https:\/\/josepbarbera.es\/ca\/","name":"Josep Barber\u00e0","description":"Taller Autom\u00f3vil Alginet","publisher":{"@id":"https:\/\/josepbarbera.es\/ca\/#organization"},"alternateName":"Josep Barber\u00e1","potentialAction":[{"@type":"SearchAction","target":{"@type":"EntryPoint","urlTemplate":"https:\/\/josepbarbera.es\/ca\/?s={search_term_string}"},"query-input":{"@type":"PropertyValueSpecification","valueRequired":true,"valueName":"search_term_string"}}],"inLanguage":"ca"},{"@type":"Organization","@id":"https:\/\/josepbarbera.es\/ca\/#organization","name":"Josep Barber\u00e0","url":"https:\/\/josepbarbera.es\/ca\/","logo":{"@type":"ImageObject","inLanguage":"ca","@id":"https:\/\/josepbarbera.es\/ca\/#\/schema\/logo\/image\/","url":"https:\/\/josepbarbera.es\/wp-content\/uploads\/2023\/12\/1Recurso-1.png","contentUrl":"https:\/\/josepbarbera.es\/wp-content\/uploads\/2023\/12\/1Recurso-1.png","width":529,"height":257,"caption":"Josep Barber\u00e0"},"image":{"@id":"https:\/\/josepbarbera.es\/ca\/#\/schema\/logo\/image\/"},"sameAs":["https:\/\/www.facebook.com\/josepbarberataller\/"]}]}},"_links":{"self":[{"href":"https:\/\/josepbarbera.es\/ca\/wp-json\/wp\/v2\/pages\/2660","targetHints":{"allow":["GET"]}}],"collection":[{"href":"https:\/\/josepbarbera.es\/ca\/wp-json\/wp\/v2\/pages"}],"about":[{"href":"https:\/\/josepbarbera.es\/ca\/wp-json\/wp\/v2\/types\/page"}],"author":[{"embeddable":true,"href":"https:\/\/josepbarbera.es\/ca\/wp-json\/wp\/v2\/users\/1"}],"replies":[{"embeddable":true,"href":"https:\/\/josepbarbera.es\/ca\/wp-json\/wp\/v2\/comments?post=2660"}],"version-history":[{"count":1,"href":"https:\/\/josepbarbera.es\/ca\/wp-json\/wp\/v2\/pages\/2660\/revisions"}],"predecessor-version":[{"id":2782,"href":"https:\/\/josepbarbera.es\/ca\/wp-json\/wp\/v2\/pages\/2660\/revisions\/2782"}],"wp:featuredmedia":[{"embeddable":true,"href":"https:\/\/josepbarbera.es\/ca\/wp-json\/wp\/v2\/media\/2308"}],"wp:attachment":[{"href":"https:\/\/josepbarbera.es\/ca\/wp-json\/wp\/v2\/media?parent=2660"}],"curies":[{"name":"wp","href":"https:\/\/api.w.org\/{rel}","templated":true}]}}