{"id":2640,"date":"2024-02-05T12:17:27","date_gmt":"2024-02-05T11:17:27","guid":{"rendered":"https:\/\/josepbarbera.es\/xapa-i-pintura\/"},"modified":"2024-02-08T09:53:02","modified_gmt":"2024-02-08T08:53:02","slug":"xapa-i-pintura","status":"publish","type":"page","link":"https:\/\/josepbarbera.es\/ca\/xapa-i-pintura\/","title":{"rendered":"Xapa i pintura"},"content":{"rendered":"\t\t<div data-elementor-type=\"wp-page\" data-elementor-id=\"2640\" class=\"elementor elementor-2640 elementor-2001\" data-elementor-post-type=\"page\">\n\t\t\t\t<div class=\"elementor-element elementor-element-2ddead94 e-flex e-con-boxed e-con e-parent\" data-id=\"2ddead94\" data-element_type=\"container\" data-e-type=\"container\" data-settings=\"{&quot;background_background&quot;:&quot;classic&quot;}\">\n\t\t\t\t\t<div class=\"e-con-inner\">\n\t\t<div class=\"elementor-element elementor-element-369526e e-con-full e-flex e-con e-child\" data-id=\"369526e\" data-element_type=\"container\" data-e-type=\"container\">\n\t\t\t\t<div class=\"elementor-element elementor-element-38e7bffe elementor-invisible elementor-widget elementor-widget-heading\" data-id=\"38e7bffe\" data-element_type=\"widget\" data-e-type=\"widget\" data-settings=\"{&quot;_animation&quot;:&quot;fadeIn&quot;,&quot;_animation_delay&quot;:100}\" data-widget_type=\"heading.default\">\n\t\t\t\t<div class=\"elementor-widget-container\">\n\t\t\t\t\t<h1 class=\"elementor-heading-title elementor-size-default\">Xapa i pintura\n<\/h1>\t\t\t\t<\/div>\n\t\t\t\t<\/div>\n\t\t\t\t<\/div>\n\t\t<div class=\"elementor-element elementor-element-11a0869a e-con-full e-flex e-con e-child\" data-id=\"11a0869a\" data-element_type=\"container\" data-e-type=\"container\">\n\t\t\t\t<div class=\"elementor-element elementor-element-235c33dc elementor-invisible elementor-widget elementor-widget-text-editor\" data-id=\"235c33dc\" data-element_type=\"widget\" data-e-type=\"widget\" data-settings=\"{&quot;_animation&quot;:&quot;fadeIn&quot;,&quot;_animation_delay&quot;:300}\" data-widget_type=\"text-editor.default\">\n\t\t\t\t<div class=\"elementor-widget-container\">\n\t\t\t\t\t\t\t\t\t<p>Fem que recupere tot el seu esplendor original. Com? retornant-li eixa lluentor i aspecte impecable que tant t&#8217;agrada  <\/p>\n\t\t\t\t\t\t\t\t<\/div>\n\t\t\t\t<\/div>\n\t\t\t\t<div class=\"elementor-element elementor-element-4026c2bd elementor-align-left elementor-invisible elementor-widget elementor-widget-global elementor-global-2691 elementor-global-678 elementor-widget-button\" data-id=\"4026c2bd\" data-element_type=\"widget\" data-e-type=\"widget\" data-settings=\"{&quot;_animation&quot;:&quot;fadeIn&quot;,&quot;_animation_delay&quot;:600}\" data-widget_type=\"button.default\">\n\t\t\t\t<div class=\"elementor-widget-container\">\n\t\t\t\t\t\t\t\t\t<div class=\"elementor-button-wrapper\">\n\t\t\t\t\t<a class=\"elementor-button elementor-button-link elementor-size-lg\" href=\"https:\/\/josepbarbera.es\/ca\/cita-taller\/\">\n\t\t\t\t\t\t<span class=\"elementor-button-content-wrapper\">\n\t\t\t\t\t\t<span class=\"elementor-button-icon\">\n\t\t\t\t<svg aria-hidden=\"true\" class=\"e-font-icon-svg e-fas-arrow-right\" viewBox=\"0 0 448 512\" xmlns=\"http:\/\/www.w3.org\/2000\/svg\"><path d=\"M190.5 66.9l22.2-22.2c9.4-9.4 24.6-9.4 33.9 0L441 239c9.4 9.4 9.4 24.6 0 33.9L246.6 467.3c-9.4 9.4-24.6 9.4-33.9 0l-22.2-22.2c-9.5-9.5-9.3-25 .4-34.3L311.4 296H24c-13.3 0-24-10.7-24-24v-32c0-13.3 10.7-24 24-24h287.4L190.9 101.2c-9.8-9.3-10-24.8-.4-34.3z\"><\/path><\/svg>\t\t\t<\/span>\n\t\t\t\t\t\t\t\t\t<span class=\"elementor-button-text\">DEMANAR CITA<\/span>\n\t\t\t\t\t<\/span>\n\t\t\t\t\t<\/a>\n\t\t\t\t<\/div>\n\t\t\t\t\t\t\t\t<\/div>\n\t\t\t\t<\/div>\n\t\t\t\t<\/div>\n\t\t\t\t<div class=\"elementor-element elementor-element-f7b9f9e elementor-grid-1 elementor-widget__width-auto elementor-absolute elementor-grid-mobile-1 elementor-shape-rounded e-grid-align-center elementor-widget elementor-widget-global elementor-global-2738 elementor-widget-social-icons\" data-id=\"f7b9f9e\" data-element_type=\"widget\" data-e-type=\"widget\" data-settings=\"{&quot;_position&quot;:&quot;absolute&quot;}\" data-widget_type=\"social-icons.default\">\n\t\t\t\t<div class=\"elementor-widget-container\">\n\t\t\t\t\t\t\t<div class=\"elementor-social-icons-wrapper elementor-grid\" role=\"list\">\n\t\t\t\t\t\t\t<span class=\"elementor-grid-item\" role=\"listitem\">\n\t\t\t\t\t<a class=\"elementor-icon elementor-social-icon elementor-social-icon-facebook elementor-animation-grow elementor-repeater-item-lXlqq9L\" href=\"https:\/\/www.facebook.com\/josepbarberataller\/\" target=\"_blank\">\n\t\t\t\t\t\t<span class=\"elementor-screen-only\">Facebook<\/span>\n\t\t\t\t\t\t<svg aria-hidden=\"true\" class=\"e-font-icon-svg e-fab-facebook\" viewBox=\"0 0 512 512\" xmlns=\"http:\/\/www.w3.org\/2000\/svg\"><path d=\"M504 256C504 119 393 8 256 8S8 119 8 256c0 123.78 90.69 226.38 209.25 245V327.69h-63V256h63v-54.64c0-62.15 37-96.48 93.67-96.48 27.14 0 55.52 4.84 55.52 4.84v61h-31.28c-30.8 0-40.41 19.12-40.41 38.73V256h68.78l-11 71.69h-57.78V501C413.31 482.38 504 379.78 504 256z\"><\/path><\/svg>\t\t\t\t\t<\/a>\n\t\t\t\t<\/span>\n\t\t\t\t\t\t\t<span class=\"elementor-grid-item\" role=\"listitem\">\n\t\t\t\t\t<a class=\"elementor-icon elementor-social-icon elementor-social-icon-instagram elementor-animation-grow elementor-repeater-item-4CtB6p3\" href=\"https:\/\/www.instagram.com\/josepbarberataller\/\" target=\"_blank\">\n\t\t\t\t\t\t<span class=\"elementor-screen-only\">Instagram<\/span>\n\t\t\t\t\t\t<svg aria-hidden=\"true\" class=\"e-font-icon-svg e-fab-instagram\" viewBox=\"0 0 448 512\" xmlns=\"http:\/\/www.w3.org\/2000\/svg\"><path d=\"M224.1 141c-63.6 0-114.9 51.3-114.9 114.9s51.3 114.9 114.9 114.9S339 319.5 339 255.9 287.7 141 224.1 141zm0 189.6c-41.1 0-74.7-33.5-74.7-74.7s33.5-74.7 74.7-74.7 74.7 33.5 74.7 74.7-33.6 74.7-74.7 74.7zm146.4-194.3c0 14.9-12 26.8-26.8 26.8-14.9 0-26.8-12-26.8-26.8s12-26.8 26.8-26.8 26.8 12 26.8 26.8zm76.1 27.2c-1.7-35.9-9.9-67.7-36.2-93.9-26.2-26.2-58-34.4-93.9-36.2-37-2.1-147.9-2.1-184.9 0-35.8 1.7-67.6 9.9-93.9 36.1s-34.4 58-36.2 93.9c-2.1 37-2.1 147.9 0 184.9 1.7 35.9 9.9 67.7 36.2 93.9s58 34.4 93.9 36.2c37 2.1 147.9 2.1 184.9 0 35.9-1.7 67.7-9.9 93.9-36.2 26.2-26.2 34.4-58 36.2-93.9 2.1-37 2.1-147.8 0-184.8zM398.8 388c-7.8 19.6-22.9 34.7-42.6 42.6-29.5 11.7-99.5 9-132.1 9s-102.7 2.6-132.1-9c-19.6-7.8-34.7-22.9-42.6-42.6-11.7-29.5-9-99.5-9-132.1s-2.6-102.7 9-132.1c7.8-19.6 22.9-34.7 42.6-42.6 29.5-11.7 99.5-9 132.1-9s102.7-2.6 132.1 9c19.6 7.8 34.7 22.9 42.6 42.6 11.7 29.5 9 99.5 9 132.1s2.7 102.7-9 132.1z\"><\/path><\/svg>\t\t\t\t\t<\/a>\n\t\t\t\t<\/span>\n\t\t\t\t\t<\/div>\n\t\t\t\t\t\t<\/div>\n\t\t\t\t<\/div>\n\t\t\t\t\t<\/div>\n\t\t\t\t<\/div>\n\t\t<div class=\"elementor-element elementor-element-6592a435 e-flex e-con-boxed e-con e-parent\" data-id=\"6592a435\" data-element_type=\"container\" data-e-type=\"container\" data-settings=\"{&quot;background_background&quot;:&quot;classic&quot;}\">\n\t\t\t\t\t<div class=\"e-con-inner\">\n\t\t<div class=\"elementor-element elementor-element-50b11bb8 e-con-full e-flex elementor-invisible e-con e-child\" data-id=\"50b11bb8\" data-element_type=\"container\" data-e-type=\"container\" data-settings=\"{&quot;animation&quot;:&quot;fadeIn&quot;}\">\n\t\t\t\t<div class=\"elementor-element elementor-element-4f644aef elementor-widget elementor-widget-text-editor\" data-id=\"4f644aef\" data-element_type=\"widget\" data-e-type=\"widget\" data-widget_type=\"text-editor.default\">\n\t\t\t\t<div class=\"elementor-widget-container\">\n\t\t\t\t\t\t\t\t\t<p>El nostre servei de xapa i pintura est\u00e0 pensat per fer que el teu vehicle no solament llu\u00efsca com nou, sin\u00f3 tamb\u00e9 per protegir-lo dels elements.<\/p>\n\t\t\t\t\t\t\t\t<\/div>\n\t\t\t\t<\/div>\n\t\t\t\t<\/div>\n\t\t<div class=\"elementor-element elementor-element-7546b798 e-con-full e-flex e-con e-child\" data-id=\"7546b798\" data-element_type=\"container\" data-e-type=\"container\">\n\t\t\t\t<div class=\"elementor-element elementor-element-8e6c664 elementor-skin-carousel elementor-arrows-yes elementor-widget elementor-widget-media-carousel\" data-id=\"8e6c664\" data-element_type=\"widget\" data-e-type=\"widget\" data-settings=\"{&quot;lazyload&quot;:&quot;yes&quot;,&quot;effect&quot;:&quot;fade&quot;,&quot;space_between_mobile&quot;:{&quot;unit&quot;:&quot;px&quot;,&quot;size&quot;:0,&quot;sizes&quot;:[]},&quot;skin&quot;:&quot;carousel&quot;,&quot;show_arrows&quot;:&quot;yes&quot;,&quot;speed&quot;:500,&quot;autoplay&quot;:&quot;yes&quot;,&quot;autoplay_speed&quot;:5000,&quot;loop&quot;:&quot;yes&quot;,&quot;pause_on_hover&quot;:&quot;yes&quot;,&quot;pause_on_interaction&quot;:&quot;yes&quot;,&quot;space_between&quot;:{&quot;unit&quot;:&quot;px&quot;,&quot;size&quot;:10,&quot;sizes&quot;:[]},&quot;space_between_tablet&quot;:{&quot;unit&quot;:&quot;px&quot;,&quot;size&quot;:10,&quot;sizes&quot;:[]}}\" data-widget_type=\"media-carousel.default\">\n\t\t\t\t<div class=\"elementor-widget-container\">\n\t\t\t\t\t\t\t\t\t<div class=\"elementor-swiper\">\n\t\t\t\t\t<div class=\"elementor-main-swiper swiper\" role=\"region\" aria-roledescription=\"carousel\" aria-label=\"Diapositives\">\n\t\t\t\t<div class=\"swiper-wrapper\">\n\t\t\t\t\t\t\t\t\t\t\t<div class=\"swiper-slide\" role=\"group\" aria-roledescription=\"slide\">\n\t\t\t\t\t\t\t\t\t<div class=\"elementor-carousel-image swiper-lazy\" role=\"img\" aria-label=\"Pintura\" data-background=\"https:\/\/josepbarbera.es\/wp-content\/uploads\/2024\/02\/Noves_img_-14.jpg\">\n\n\t\t\t\t\t\t\t<div class=\"swiper-lazy-preloader\"><\/div>\n\t\t\t\n\t\t\t\t\t<\/div>\n\t\t\t\t\t\t\t\t<\/div>\n\t\t\t\t\t\t\t\t\t\t\t<div class=\"swiper-slide\" role=\"group\" aria-roledescription=\"slide\">\n\t\t\t\t\t\t\t\t\t<div class=\"elementor-carousel-image swiper-lazy\" role=\"img\" aria-label=\"Chapa y pintura\" data-background=\"https:\/\/josepbarbera.es\/wp-content\/uploads\/2024\/02\/Noves_img_-17.jpg\">\n\n\t\t\t\t\t\t\t<div class=\"swiper-lazy-preloader\"><\/div>\n\t\t\t\n\t\t\t\t\t<\/div>\n\t\t\t\t\t\t\t\t<\/div>\n\t\t\t\t\t\t\t\t\t\t\t<div class=\"swiper-slide\" role=\"group\" aria-roledescription=\"slide\">\n\t\t\t\t\t\t\t\t\t<div class=\"elementor-carousel-image swiper-lazy\" role=\"img\" aria-label=\"Cabinas pintura\" data-background=\"https:\/\/josepbarbera.es\/wp-content\/uploads\/2024\/02\/Noves_img_-5.jpg\">\n\n\t\t\t\t\t\t\t<div class=\"swiper-lazy-preloader\"><\/div>\n\t\t\t\n\t\t\t\t\t<\/div>\n\t\t\t\t\t\t\t\t<\/div>\n\t\t\t\t\t\t\t\t\t\t\t<div class=\"swiper-slide\" role=\"group\" aria-roledescription=\"slide\">\n\t\t\t\t\t\t\t\t\t<div class=\"elementor-carousel-image swiper-lazy\" role=\"img\" aria-label=\"Reparaci\u00f3n por granizo\" data-background=\"https:\/\/josepbarbera.es\/wp-content\/uploads\/2024\/02\/Noves_img_-6.jpg\">\n\n\t\t\t\t\t\t\t<div class=\"swiper-lazy-preloader\"><\/div>\n\t\t\t\n\t\t\t\t\t<\/div>\n\t\t\t\t\t\t\t\t<\/div>\n\t\t\t\t\t\t\t\t\t<\/div>\n\t\t\t\t\t\t\t\t\t\t\t\t\t\t\t<div class=\"elementor-swiper-button elementor-swiper-button-prev\" role=\"button\" tabindex=\"0\" aria-label=\"Previous\">\n\t\t\t\t\t\t\t<svg aria-hidden=\"true\" class=\"e-font-icon-svg e-eicon-chevron-left\" viewBox=\"0 0 1000 1000\" xmlns=\"http:\/\/www.w3.org\/2000\/svg\"><path d=\"M646 125C629 125 613 133 604 142L308 442C296 454 292 471 292 487 292 504 296 521 308 533L604 854C617 867 629 875 646 875 663 875 679 871 692 858 704 846 713 829 713 812 713 796 708 779 692 767L438 487 692 225C700 217 708 204 708 187 708 171 704 154 692 142 675 129 663 125 646 125Z\"><\/path><\/svg>\t\t\t\t\t\t<\/div>\n\t\t\t\t\t\t<div class=\"elementor-swiper-button elementor-swiper-button-next\" role=\"button\" tabindex=\"0\" aria-label=\"Next\">\n\t\t\t\t\t\t\t<svg aria-hidden=\"true\" class=\"e-font-icon-svg e-eicon-chevron-right\" viewBox=\"0 0 1000 1000\" xmlns=\"http:\/\/www.w3.org\/2000\/svg\"><path d=\"M696 533C708 521 713 504 713 487 713 471 708 454 696 446L400 146C388 133 375 125 354 125 338 125 325 129 313 142 300 154 292 171 292 187 292 204 296 221 308 233L563 492 304 771C292 783 288 800 288 817 288 833 296 850 308 863 321 871 338 875 354 875 371 875 388 867 400 854L696 533Z\"><\/path><\/svg>\t\t\t\t\t\t<\/div>\n\t\t\t\t\t\t\t\t\t\t\t\t\t\t\t\t\t<\/div>\n\t\t\t\t<\/div>\n\t\t\t\t\t\t\t\t<\/div>\n\t\t\t\t<\/div>\n\t\t\t\t<\/div>\n\t\t\t\t\t<\/div>\n\t\t\t\t<\/div>\n\t\t<div class=\"elementor-element elementor-element-27abff8 e-flex e-con-boxed e-con e-parent\" data-id=\"27abff8\" data-element_type=\"container\" data-e-type=\"container\" data-settings=\"{&quot;background_background&quot;:&quot;gradient&quot;}\">\n\t\t\t\t\t<div class=\"e-con-inner\">\n\t\t<div class=\"elementor-element elementor-element-5fd74ed e-con-full e-flex e-con e-child\" data-id=\"5fd74ed\" data-element_type=\"container\" data-e-type=\"container\">\n\t\t\t\t<div class=\"elementor-element elementor-element-d7c28bc elementor-widget elementor-widget-text-editor\" data-id=\"d7c28bc\" data-element_type=\"widget\" data-e-type=\"widget\" data-widget_type=\"text-editor.default\">\n\t\t\t\t<div class=\"elementor-widget-container\">\n\t\t\t\t\t\t\t\t\t<h3><strong>Qu\u00e8 oferim en el nostre servei de xapa i pintura?<\/strong><\/h3>\n<ol>\n<li><strong>Reparaci\u00f3 de xapa:<\/strong> Reparem abonyaments, cops i qualsevol dany en la carrosseria, utilitzant t\u00e8cniques avan\u00e7ades i materials de primera qualitat.<\/li>\n<li><strong>Pintura d&#8217;alta qualitat:<\/strong> Comptem amb una \u00e0mplia gamma de colors i acabats, utilitzant pintures duradores i resistents per a un resultat perfecte.<\/li>\n<li><strong>Proc\u00e9s detallat i cuidad\u00f3s:<\/strong> Des de la preparaci\u00f3 fins a l&#8217;acabat final, cada pas es realitza amb la m\u00e0xima atenci\u00f3 al detall.<\/li>\n<li><strong>Tecnologia d&#8217;avantguarda:<\/strong> Utilitzem equips d&#8217;\u00faltima generaci\u00f3 per a garantir un treball de la m\u00e9s alta precisi\u00f3 i qualitat.<\/li>\n<\/ol>\n<h3><strong>Comprom\u00eds amb l&#8217;excel\u00b7l\u00e8ncia<\/strong><\/h3>\n<p>El nostre equip de professionals altament qualificats es dedica a oferir un servei excepcional. En Josep Barber\u00e0 Tallers, entenem el important que \u00e9s el teu cotxe per a tu, per aix\u00f2 tractem cada vehicle com si f\u00f3ra el nostre, garantint resultats que superen les teues expectatives. <\/p>\t\t\t\t\t\t\t\t<\/div>\n\t\t\t\t<\/div>\n\t\t\t\t<\/div>\n\t\t<div class=\"elementor-element elementor-element-976ab7d e-con-full e-flex e-con e-child\" data-id=\"976ab7d\" data-element_type=\"container\" data-e-type=\"container\">\n\t\t\t\t<div class=\"elementor-element elementor-element-ce34865 elementor-widget elementor-widget-image\" data-id=\"ce34865\" data-element_type=\"widget\" data-e-type=\"widget\" data-widget_type=\"image.default\">\n\t\t\t\t<div class=\"elementor-widget-container\">\n\t\t\t\t\t\t\t\t\t\t\t\t\t\t\t<img decoding=\"async\" src=\"https:\/\/josepbarbera.es\/wp-content\/uploads\/elementor\/thumbs\/Recurso-1-qht2t9z3adbvdvuvp775zzdzd8urf9y65pk9jz4kjk.png\" title=\"Recurso 1\" alt=\"Chapa y pintura\" loading=\"lazy\" \/>\t\t\t\t\t\t\t\t\t\t\t\t\t\t\t<\/div>\n\t\t\t\t<\/div>\n\t\t\t\t<div class=\"elementor-element elementor-element-dac75ea elementor-invisible elementor-widget elementor-widget-heading\" data-id=\"dac75ea\" data-element_type=\"widget\" data-e-type=\"widget\" data-settings=\"{&quot;_animation&quot;:&quot;fadeIn&quot;}\" data-widget_type=\"heading.default\">\n\t\t\t\t<div class=\"elementor-widget-container\">\n\t\t\t\t\t<h2 class=\"elementor-heading-title elementor-size-default\">Cada detall es nota, i molt<\/h2>\t\t\t\t<\/div>\n\t\t\t\t<\/div>\n\t\t\t\t<\/div>\n\t\t\t\t\t<\/div>\n\t\t\t\t<\/div>\n\t\t\t\t<\/div>\n\t\t","protected":false},"excerpt":{"rendered":"<p>Xapa i pintura Fem que recupere tot el seu esplendor original. Com? retornant-li eixa lluentor i aspecte impecable que tant t&#8217;agrada PEDIR CITA Facebook Instagram El nostre servei de xapa i pintura est\u00e0 pensat per fer que el teu vehicle no solament llu\u00efsca com nou, sin\u00f3 tamb\u00e9 per protegir-lo dels elements. Anterior Siguiente Qu\u00e8 oferim [&hellip;]<\/p>\n","protected":false},"author":1,"featured_media":2308,"parent":0,"menu_order":0,"comment_status":"closed","ping_status":"closed","template":"","meta":{"footnotes":""},"class_list":["post-2640","page","type-page","status-publish","has-post-thumbnail","hentry"],"yoast_head":"<!-- This site is optimized with the Yoast SEO plugin v27.3 - https:\/\/yoast.com\/product\/yoast-seo-wordpress\/ -->\n<title>Xapa i pintura &#8226; Josep Barber\u00e1. Taller autom\u00f3vil. Alginet.<\/title>\n<meta name=\"description\" content=\"Xapa i pintura Fem que recupere tot el seu esplendor original. Com? retornant-li eixa lluentor i aspecte impecable que tant t&#039;agrada PEDIR CITA Facebook\" \/>\n<meta name=\"robots\" content=\"index, follow, max-snippet:-1, max-image-preview:large, max-video-preview:-1\" \/>\n<link rel=\"canonical\" href=\"https:\/\/josepbarbera.es\/ca\/xapa-i-pintura\/\" \/>\n<meta property=\"og:locale\" content=\"ca_ES\" \/>\n<meta property=\"og:type\" content=\"article\" \/>\n<meta property=\"og:title\" content=\"Xapa i pintura &#8226; Josep Barber\u00e1. Taller autom\u00f3vil. Alginet.\" \/>\n<meta property=\"og:description\" content=\"Xapa i pintura Fem que recupere tot el seu esplendor original. Com? retornant-li eixa lluentor i aspecte impecable que tant t&#039;agrada PEDIR CITA Facebook\" \/>\n<meta property=\"og:url\" content=\"https:\/\/josepbarbera.es\/ca\/xapa-i-pintura\/\" \/>\n<meta property=\"og:site_name\" content=\"Josep Barber\u00e1. Taller autom\u00f3vil. Alginet.\" \/>\n<meta property=\"article:publisher\" content=\"https:\/\/www.facebook.com\/josepbarberataller\/\" \/>\n<meta property=\"article:modified_time\" content=\"2024-02-08T08:53:02+00:00\" \/>\n<meta property=\"og:image\" content=\"https:\/\/josepbarbera.es\/wp-content\/uploads\/2023\/12\/JB_PREITV.jpg\" \/>\n\t<meta property=\"og:image:width\" content=\"850\" \/>\n\t<meta property=\"og:image:height\" content=\"650\" \/>\n\t<meta property=\"og:image:type\" content=\"image\/jpeg\" \/>\n<meta name=\"twitter:card\" content=\"summary_large_image\" \/>\n<meta name=\"twitter:label1\" content=\"Temps estimat de lectura\" \/>\n\t<meta name=\"twitter:data1\" content=\"1 minut\" \/>\n<script type=\"application\/ld+json\" class=\"yoast-schema-graph\">{\"@context\":\"https:\\\/\\\/schema.org\",\"@graph\":[{\"@type\":\"WebPage\",\"@id\":\"https:\\\/\\\/josepbarbera.es\\\/ca\\\/xapa-i-pintura\\\/\",\"url\":\"https:\\\/\\\/josepbarbera.es\\\/ca\\\/xapa-i-pintura\\\/\",\"name\":\"Xapa i pintura &#8226; Josep Barber\u00e1. Taller autom\u00f3vil. Alginet.\",\"isPartOf\":{\"@id\":\"https:\\\/\\\/josepbarbera.es\\\/ca\\\/#website\"},\"primaryImageOfPage\":{\"@id\":\"https:\\\/\\\/josepbarbera.es\\\/ca\\\/xapa-i-pintura\\\/#primaryimage\"},\"image\":{\"@id\":\"https:\\\/\\\/josepbarbera.es\\\/ca\\\/xapa-i-pintura\\\/#primaryimage\"},\"thumbnailUrl\":\"https:\\\/\\\/josepbarbera.es\\\/wp-content\\\/uploads\\\/2023\\\/12\\\/JB_PREITV.jpg\",\"datePublished\":\"2024-02-05T11:17:27+00:00\",\"dateModified\":\"2024-02-08T08:53:02+00:00\",\"description\":\"Xapa i pintura Fem que recupere tot el seu esplendor original. Com? retornant-li eixa lluentor i aspecte impecable que tant t'agrada PEDIR CITA Facebook\",\"breadcrumb\":{\"@id\":\"https:\\\/\\\/josepbarbera.es\\\/ca\\\/xapa-i-pintura\\\/#breadcrumb\"},\"inLanguage\":\"ca\",\"potentialAction\":[{\"@type\":\"ReadAction\",\"target\":[\"https:\\\/\\\/josepbarbera.es\\\/ca\\\/xapa-i-pintura\\\/\"]}]},{\"@type\":\"ImageObject\",\"inLanguage\":\"ca\",\"@id\":\"https:\\\/\\\/josepbarbera.es\\\/ca\\\/xapa-i-pintura\\\/#primaryimage\",\"url\":\"https:\\\/\\\/josepbarbera.es\\\/wp-content\\\/uploads\\\/2023\\\/12\\\/JB_PREITV.jpg\",\"contentUrl\":\"https:\\\/\\\/josepbarbera.es\\\/wp-content\\\/uploads\\\/2023\\\/12\\\/JB_PREITV.jpg\",\"width\":850,\"height\":650},{\"@type\":\"BreadcrumbList\",\"@id\":\"https:\\\/\\\/josepbarbera.es\\\/ca\\\/xapa-i-pintura\\\/#breadcrumb\",\"itemListElement\":[{\"@type\":\"ListItem\",\"position\":1,\"name\":\"Portada\",\"item\":\"https:\\\/\\\/josepbarbera.es\\\/ca\\\/taller-automobils-josep-barbera\\\/\"},{\"@type\":\"ListItem\",\"position\":2,\"name\":\"Xapa i pintura\"}]},{\"@type\":\"WebSite\",\"@id\":\"https:\\\/\\\/josepbarbera.es\\\/ca\\\/#website\",\"url\":\"https:\\\/\\\/josepbarbera.es\\\/ca\\\/\",\"name\":\"Josep Barber\u00e0\",\"description\":\"Taller Autom\u00f3vil Alginet\",\"publisher\":{\"@id\":\"https:\\\/\\\/josepbarbera.es\\\/ca\\\/#organization\"},\"alternateName\":\"Josep Barber\u00e1\",\"potentialAction\":[{\"@type\":\"SearchAction\",\"target\":{\"@type\":\"EntryPoint\",\"urlTemplate\":\"https:\\\/\\\/josepbarbera.es\\\/ca\\\/?s={search_term_string}\"},\"query-input\":{\"@type\":\"PropertyValueSpecification\",\"valueRequired\":true,\"valueName\":\"search_term_string\"}}],\"inLanguage\":\"ca\"},{\"@type\":\"Organization\",\"@id\":\"https:\\\/\\\/josepbarbera.es\\\/ca\\\/#organization\",\"name\":\"Josep Barber\u00e0\",\"url\":\"https:\\\/\\\/josepbarbera.es\\\/ca\\\/\",\"logo\":{\"@type\":\"ImageObject\",\"inLanguage\":\"ca\",\"@id\":\"https:\\\/\\\/josepbarbera.es\\\/ca\\\/#\\\/schema\\\/logo\\\/image\\\/\",\"url\":\"https:\\\/\\\/josepbarbera.es\\\/wp-content\\\/uploads\\\/2023\\\/12\\\/1Recurso-1.png\",\"contentUrl\":\"https:\\\/\\\/josepbarbera.es\\\/wp-content\\\/uploads\\\/2023\\\/12\\\/1Recurso-1.png\",\"width\":529,\"height\":257,\"caption\":\"Josep Barber\u00e0\"},\"image\":{\"@id\":\"https:\\\/\\\/josepbarbera.es\\\/ca\\\/#\\\/schema\\\/logo\\\/image\\\/\"},\"sameAs\":[\"https:\\\/\\\/www.facebook.com\\\/josepbarberataller\\\/\"]}]}<\/script>\n<!-- \/ Yoast SEO plugin. -->","yoast_head_json":{"title":"Xapa i pintura &#8226; Josep Barber\u00e1. Taller autom\u00f3vil. Alginet.","description":"Xapa i pintura Fem que recupere tot el seu esplendor original. Com? retornant-li eixa lluentor i aspecte impecable que tant t'agrada PEDIR CITA Facebook","robots":{"index":"index","follow":"follow","max-snippet":"max-snippet:-1","max-image-preview":"max-image-preview:large","max-video-preview":"max-video-preview:-1"},"canonical":"https:\/\/josepbarbera.es\/ca\/xapa-i-pintura\/","og_locale":"ca_ES","og_type":"article","og_title":"Xapa i pintura &#8226; Josep Barber\u00e1. Taller autom\u00f3vil. Alginet.","og_description":"Xapa i pintura Fem que recupere tot el seu esplendor original. Com? retornant-li eixa lluentor i aspecte impecable que tant t'agrada PEDIR CITA Facebook","og_url":"https:\/\/josepbarbera.es\/ca\/xapa-i-pintura\/","og_site_name":"Josep Barber\u00e1. Taller autom\u00f3vil. Alginet.","article_publisher":"https:\/\/www.facebook.com\/josepbarberataller\/","article_modified_time":"2024-02-08T08:53:02+00:00","og_image":[{"width":850,"height":650,"url":"https:\/\/josepbarbera.es\/wp-content\/uploads\/2023\/12\/JB_PREITV.jpg","type":"image\/jpeg"}],"twitter_card":"summary_large_image","twitter_misc":{"Temps estimat de lectura":"1 minut"},"schema":{"@context":"https:\/\/schema.org","@graph":[{"@type":"WebPage","@id":"https:\/\/josepbarbera.es\/ca\/xapa-i-pintura\/","url":"https:\/\/josepbarbera.es\/ca\/xapa-i-pintura\/","name":"Xapa i pintura &#8226; Josep Barber\u00e1. Taller autom\u00f3vil. Alginet.","isPartOf":{"@id":"https:\/\/josepbarbera.es\/ca\/#website"},"primaryImageOfPage":{"@id":"https:\/\/josepbarbera.es\/ca\/xapa-i-pintura\/#primaryimage"},"image":{"@id":"https:\/\/josepbarbera.es\/ca\/xapa-i-pintura\/#primaryimage"},"thumbnailUrl":"https:\/\/josepbarbera.es\/wp-content\/uploads\/2023\/12\/JB_PREITV.jpg","datePublished":"2024-02-05T11:17:27+00:00","dateModified":"2024-02-08T08:53:02+00:00","description":"Xapa i pintura Fem que recupere tot el seu esplendor original. Com? retornant-li eixa lluentor i aspecte impecable que tant t'agrada PEDIR CITA Facebook","breadcrumb":{"@id":"https:\/\/josepbarbera.es\/ca\/xapa-i-pintura\/#breadcrumb"},"inLanguage":"ca","potentialAction":[{"@type":"ReadAction","target":["https:\/\/josepbarbera.es\/ca\/xapa-i-pintura\/"]}]},{"@type":"ImageObject","inLanguage":"ca","@id":"https:\/\/josepbarbera.es\/ca\/xapa-i-pintura\/#primaryimage","url":"https:\/\/josepbarbera.es\/wp-content\/uploads\/2023\/12\/JB_PREITV.jpg","contentUrl":"https:\/\/josepbarbera.es\/wp-content\/uploads\/2023\/12\/JB_PREITV.jpg","width":850,"height":650},{"@type":"BreadcrumbList","@id":"https:\/\/josepbarbera.es\/ca\/xapa-i-pintura\/#breadcrumb","itemListElement":[{"@type":"ListItem","position":1,"name":"Portada","item":"https:\/\/josepbarbera.es\/ca\/taller-automobils-josep-barbera\/"},{"@type":"ListItem","position":2,"name":"Xapa i pintura"}]},{"@type":"WebSite","@id":"https:\/\/josepbarbera.es\/ca\/#website","url":"https:\/\/josepbarbera.es\/ca\/","name":"Josep Barber\u00e0","description":"Taller Autom\u00f3vil Alginet","publisher":{"@id":"https:\/\/josepbarbera.es\/ca\/#organization"},"alternateName":"Josep Barber\u00e1","potentialAction":[{"@type":"SearchAction","target":{"@type":"EntryPoint","urlTemplate":"https:\/\/josepbarbera.es\/ca\/?s={search_term_string}"},"query-input":{"@type":"PropertyValueSpecification","valueRequired":true,"valueName":"search_term_string"}}],"inLanguage":"ca"},{"@type":"Organization","@id":"https:\/\/josepbarbera.es\/ca\/#organization","name":"Josep Barber\u00e0","url":"https:\/\/josepbarbera.es\/ca\/","logo":{"@type":"ImageObject","inLanguage":"ca","@id":"https:\/\/josepbarbera.es\/ca\/#\/schema\/logo\/image\/","url":"https:\/\/josepbarbera.es\/wp-content\/uploads\/2023\/12\/1Recurso-1.png","contentUrl":"https:\/\/josepbarbera.es\/wp-content\/uploads\/2023\/12\/1Recurso-1.png","width":529,"height":257,"caption":"Josep Barber\u00e0"},"image":{"@id":"https:\/\/josepbarbera.es\/ca\/#\/schema\/logo\/image\/"},"sameAs":["https:\/\/www.facebook.com\/josepbarberataller\/"]}]}},"_links":{"self":[{"href":"https:\/\/josepbarbera.es\/ca\/wp-json\/wp\/v2\/pages\/2640","targetHints":{"allow":["GET"]}}],"collection":[{"href":"https:\/\/josepbarbera.es\/ca\/wp-json\/wp\/v2\/pages"}],"about":[{"href":"https:\/\/josepbarbera.es\/ca\/wp-json\/wp\/v2\/types\/page"}],"author":[{"embeddable":true,"href":"https:\/\/josepbarbera.es\/ca\/wp-json\/wp\/v2\/users\/1"}],"replies":[{"embeddable":true,"href":"https:\/\/josepbarbera.es\/ca\/wp-json\/wp\/v2\/comments?post=2640"}],"version-history":[{"count":1,"href":"https:\/\/josepbarbera.es\/ca\/wp-json\/wp\/v2\/pages\/2640\/revisions"}],"predecessor-version":[{"id":2753,"href":"https:\/\/josepbarbera.es\/ca\/wp-json\/wp\/v2\/pages\/2640\/revisions\/2753"}],"wp:featuredmedia":[{"embeddable":true,"href":"https:\/\/josepbarbera.es\/ca\/wp-json\/wp\/v2\/media\/2308"}],"wp:attachment":[{"href":"https:\/\/josepbarbera.es\/ca\/wp-json\/wp\/v2\/media?parent=2640"}],"curies":[{"name":"wp","href":"https:\/\/api.w.org\/{rel}","templated":true}]}}